{"id":2,"date":"2021-11-29T09:02:19","date_gmt":"2021-11-29T09:02:19","guid":{"rendered":"http:\/\/jolantadovydaityte.com\/?page_id=2"},"modified":"2022-01-19T15:20:32","modified_gmt":"2022-01-19T13:20:32","slug":"sample-page","status":"publish","type":"page","link":"https:\/\/jolantadovydaityte.com\/","title":{"rendered":"Sample Page"},"content":{"rendered":"\t\t<div data-elementor-type=\"wp-page\" data-elementor-id=\"2\" class=\"elementor elementor-2\">\n\t\t\t\t\t\t<section class=\"elementor-section elementor-top-section elementor-element elementor-element-09491a0 elementor-section-boxed elementor-section-height-default elementor-section-height-default\" data-id=\"09491a0\" data-element_type=\"section\" data-e-type=\"section\">\n\t\t\t\t\t\t<div class=\"elementor-container elementor-column-gap-default\">\n\t\t\t\t\t<div class=\"elementor-column elementor-col-100 elementor-top-column elementor-element elementor-element-5d2ea5c\" data-id=\"5d2ea5c\" data-element_type=\"column\" data-e-type=\"column\">\n\t\t\t<div class=\"elementor-widget-wrap elementor-element-populated\">\n\t\t\t\t\t\t<div class=\"elementor-element elementor-element-637eb02 elementor-arrows-position-inside elementor-pagination-position-outside elementor-widget elementor-widget-image-carousel\" data-id=\"637eb02\" data-element_type=\"widget\" data-e-type=\"widget\" data-settings=\"{&quot;slides_to_show&quot;:&quot;1&quot;,&quot;navigation&quot;:&quot;both&quot;,&quot;autoplay&quot;:&quot;yes&quot;,&quot;pause_on_hover&quot;:&quot;yes&quot;,&quot;pause_on_interaction&quot;:&quot;yes&quot;,&quot;autoplay_speed&quot;:5000,&quot;infinite&quot;:&quot;yes&quot;,&quot;effect&quot;:&quot;slide&quot;,&quot;speed&quot;:500}\" data-widget_type=\"image-carousel.default\">\n\t\t\t\t<div class=\"elementor-widget-container\">\n\t\t\t\t\t\t\t<div class=\"elementor-image-carousel-wrapper swiper\" role=\"region\" aria-roledescription=\"carousel\" aria-label=\"Image Carousel\" dir=\"ltr\">\n\t\t\t<div class=\"elementor-image-carousel swiper-wrapper\" aria-live=\"off\">\n\t\t\t\t\t\t\t\t<div class=\"swiper-slide\" role=\"group\" aria-roledescription=\"slide\" aria-label=\"1 of 4\"><figure class=\"swiper-slide-inner\"><img decoding=\"async\" class=\"swiper-slide-image\" src=\"https:\/\/jolantadovydaityte.com\/wp-content\/uploads\/2021\/12\/68_PAVEIKSLAS_kitur-min-scaled.jpg\" alt=\"68_PAVEIKSLAS_kitur-min\" \/><\/figure><\/div><div class=\"swiper-slide\" role=\"group\" aria-roledescription=\"slide\" aria-label=\"2 of 4\"><figure class=\"swiper-slide-inner\"><img decoding=\"async\" class=\"swiper-slide-image\" src=\"https:\/\/jolantadovydaityte.com\/wp-content\/uploads\/2021\/12\/64_PAVEIKSLAS_kitur-min-scaled.jpg\" alt=\"64_PAVEIKSLAS_kitur-min\" \/><\/figure><\/div><div class=\"swiper-slide\" role=\"group\" aria-roledescription=\"slide\" aria-label=\"3 of 4\"><figure class=\"swiper-slide-inner\"><img decoding=\"async\" class=\"swiper-slide-image\" src=\"https:\/\/jolantadovydaityte.com\/wp-content\/uploads\/2021\/12\/61_PAVEIKSLAS_kitur-min.jpg\" alt=\"61_PAVEIKSLAS_kitur-min\" \/><\/figure><\/div><div class=\"swiper-slide\" role=\"group\" aria-roledescription=\"slide\" aria-label=\"4 of 4\"><figure class=\"swiper-slide-inner\"><img decoding=\"async\" class=\"swiper-slide-image\" src=\"https:\/\/jolantadovydaityte.com\/wp-content\/uploads\/2022\/01\/66_PAVEIKSLAS_kitur-scaled.jpg\" alt=\"66_PAVEIKSLAS_kitur\" \/><\/figure><\/div>\t\t\t<\/div>\n\t\t\t\t\t\t\t\t\t\t\t\t<div class=\"elementor-swiper-button elementor-swiper-button-prev\" role=\"button\" tabindex=\"0\">\n\t\t\t\t\t\t<i aria-hidden=\"true\" class=\"eicon-chevron-left\"><\/i>\t\t\t\t\t<\/div>\n\t\t\t\t\t<div class=\"elementor-swiper-button elementor-swiper-button-next\" role=\"button\" tabindex=\"0\">\n\t\t\t\t\t\t<i aria-hidden=\"true\" class=\"eicon-chevron-right\"><\/i>\t\t\t\t\t<\/div>\n\t\t\t\t\n\t\t\t\t\t\t\t\t\t<div class=\"swiper-pagination\"><\/div>\n\t\t\t\t\t\t\t\t\t<\/div>\n\t\t\t\t\t\t<\/div>\n\t\t\t\t<\/div>\n\t\t\t\t\t<\/div>\n\t\t<\/div>\n\t\t\t\t\t<\/div>\n\t\t<\/section>\n\t\t\t\t<section class=\"elementor-section elementor-top-section elementor-element elementor-element-r2jymwo elementor-section-content-middle elementor-section-boxed elementor-section-height-default elementor-section-height-default\" data-id=\"r2jymwo\" data-element_type=\"section\" data-e-type=\"section\" data-settings=\"{&quot;background_background&quot;:&quot;classic&quot;}\">\n\t\t\t\t\t\t\t<div class=\"elementor-background-overlay\"><\/div>\n\t\t\t\t\t\t\t<div class=\"elementor-container elementor-column-gap-no\">\n\t\t\t\t\t<div class=\"elementor-column elementor-col-50 elementor-top-column elementor-element elementor-element-47d11e6\" data-id=\"47d11e6\" data-element_type=\"column\" data-e-type=\"column\">\n\t\t\t<div class=\"elementor-widget-wrap elementor-element-populated\">\n\t\t\t\t\t\t<div class=\"elementor-element elementor-element-51240be elementor-widget elementor-widget-image\" data-id=\"51240be\" data-element_type=\"widget\" data-e-type=\"widget\" data-widget_type=\"image.default\">\n\t\t\t\t<div class=\"elementor-widget-container\">\n\t\t\t\t\t\t\t\t\t\t\t\t\t\t\t<img fetchpriority=\"high\" decoding=\"async\" width=\"2048\" height=\"1374\" src=\"https:\/\/jolantadovydaityte.com\/wp-content\/uploads\/2022\/01\/29.-Dailininku-sajungos-Kauno-skyrius-1981-12-31-9-2048x1374-1.jpg\" class=\"attachment-full size-full wp-image-1854\" alt=\"\" srcset=\"https:\/\/jolantadovydaityte.com\/wp-content\/uploads\/2022\/01\/29.-Dailininku-sajungos-Kauno-skyrius-1981-12-31-9-2048x1374-1.jpg 2048w, https:\/\/jolantadovydaityte.com\/wp-content\/uploads\/2022\/01\/29.-Dailininku-sajungos-Kauno-skyrius-1981-12-31-9-2048x1374-1-300x201.jpg 300w, https:\/\/jolantadovydaityte.com\/wp-content\/uploads\/2022\/01\/29.-Dailininku-sajungos-Kauno-skyrius-1981-12-31-9-2048x1374-1-1024x687.jpg 1024w, https:\/\/jolantadovydaityte.com\/wp-content\/uploads\/2022\/01\/29.-Dailininku-sajungos-Kauno-skyrius-1981-12-31-9-2048x1374-1-768x515.jpg 768w, https:\/\/jolantadovydaityte.com\/wp-content\/uploads\/2022\/01\/29.-Dailininku-sajungos-Kauno-skyrius-1981-12-31-9-2048x1374-1-1536x1031.jpg 1536w\" sizes=\"(max-width: 2048px) 100vw, 2048px\" \/>\t\t\t\t\t\t\t\t\t\t\t\t\t\t\t<\/div>\n\t\t\t\t<\/div>\n\t\t\t\t\t<\/div>\n\t\t<\/div>\n\t\t\t\t<div class=\"elementor-column elementor-col-50 elementor-top-column elementor-element elementor-element-e68dcfe\" data-id=\"e68dcfe\" data-element_type=\"column\" data-e-type=\"column\">\n\t\t\t<div class=\"elementor-widget-wrap elementor-element-populated\">\n\t\t\t\t\t\t<div class=\"elementor-element elementor-element-ff0f137 elementor-widget elementor-widget-heading\" data-id=\"ff0f137\" data-element_type=\"widget\" data-e-type=\"widget\" data-widget_type=\"heading.default\">\n\t\t\t\t<div class=\"elementor-widget-container\">\n\t\t\t\t\t<h2 class=\"elementor-heading-title elementor-size-default\">Jolanta Dovydaityt\u0117\n<\/h2>\t\t\t\t<\/div>\n\t\t\t\t<\/div>\n\t\t\t\t<div class=\"elementor-element elementor-element-72da1a5 elementor-widget elementor-widget-text-editor\" data-id=\"72da1a5\" data-element_type=\"widget\" data-e-type=\"widget\" data-widget_type=\"text-editor.default\">\n\t\t\t\t<div class=\"elementor-widget-container\">\n\t\t\t\t\t\t\t\t\t<p>Dailinink\u0117, monumentalist\u0117, parodose dalyvaujanti nuo 1977 m. Pasi\u017eymi kaip natiurmort\u0173 dailinink\u0117, ta\u010diau tapyboje galime \u012f\u017evelgti ir abstrakcionistini\u0173 element\u0173, fig\u016brini\u0173 kompozicij\u0173 bei architekt\u016brini\u0173 element\u0173.<\/p>\t\t\t\t\t\t\t\t<\/div>\n\t\t\t\t<\/div>\n\t\t\t\t<div class=\"elementor-element elementor-element-a6dde25 elementor-align-left elementor-widget elementor-widget-button\" data-id=\"a6dde25\" data-element_type=\"widget\" data-e-type=\"widget\" data-widget_type=\"button.default\">\n\t\t\t\t<div class=\"elementor-widget-container\">\n\t\t\t\t\t\t\t\t\t<div class=\"elementor-button-wrapper\">\n\t\t\t\t\t<a class=\"elementor-button elementor-button-link elementor-size-sm\" href=\"#about\">\n\t\t\t\t\t\t<span class=\"elementor-button-content-wrapper\">\n\t\t\t\t\t\t\t\t\t<span class=\"elementor-button-text\">Daugiau<\/span>\n\t\t\t\t\t<\/span>\n\t\t\t\t\t<\/a>\n\t\t\t\t<\/div>\n\t\t\t\t\t\t\t\t<\/div>\n\t\t\t\t<\/div>\n\t\t\t\t\t<\/div>\n\t\t<\/div>\n\t\t\t\t\t<\/div>\n\t\t<\/section>\n\t\t\t\t<section class=\"elementor-section elementor-top-section elementor-element elementor-element-qy2no6d elementor-section-content-middle elementor-section-boxed elementor-section-height-default elementor-section-height-default\" data-id=\"qy2no6d\" data-element_type=\"section\" data-e-type=\"section\">\n\t\t\t\t\t\t<div class=\"elementor-container elementor-column-gap-no\">\n\t\t\t\t\t<div class=\"elementor-column elementor-col-100 elementor-top-column elementor-element elementor-element-50132724\" data-id=\"50132724\" data-element_type=\"column\" data-e-type=\"column\">\n\t\t\t<div class=\"elementor-widget-wrap elementor-element-populated\">\n\t\t\t\t\t\t<section class=\"elementor-section elementor-inner-section elementor-element elementor-element-2d733497 elementor-section-content-middle elementor-section-boxed elementor-section-height-default elementor-section-height-default\" data-id=\"2d733497\" data-element_type=\"section\" data-e-type=\"section\">\n\t\t\t\t\t\t<div class=\"elementor-container elementor-column-gap-no\">\n\t\t\t\t\t<div class=\"elementor-column elementor-col-33 elementor-inner-column elementor-element elementor-element-429f0d0\" data-id=\"429f0d0\" data-element_type=\"column\" data-e-type=\"column\">\n\t\t\t<div class=\"elementor-widget-wrap elementor-element-populated\">\n\t\t\t\t\t\t<div class=\"elementor-element elementor-element-78e8e77 elementor-position-top elementor-widget elementor-widget-image-box\" data-id=\"78e8e77\" data-element_type=\"widget\" data-e-type=\"widget\" data-widget_type=\"image-box.default\">\n\t\t\t\t<div class=\"elementor-widget-container\">\n\t\t\t\t\t<div class=\"elementor-image-box-wrapper\"><figure class=\"elementor-image-box-img\"><img decoding=\"async\" width=\"2173\" height=\"2560\" src=\"https:\/\/jolantadovydaityte.com\/wp-content\/uploads\/2022\/01\/Kardeliai-80-x-95-aliejus-drobe-2002-scaled.jpg\" class=\"attachment-full size-full wp-image-1767\" alt=\"\" srcset=\"https:\/\/jolantadovydaityte.com\/wp-content\/uploads\/2022\/01\/Kardeliai-80-x-95-aliejus-drobe-2002-scaled.jpg 2173w, https:\/\/jolantadovydaityte.com\/wp-content\/uploads\/2022\/01\/Kardeliai-80-x-95-aliejus-drobe-2002-255x300.jpg 255w, https:\/\/jolantadovydaityte.com\/wp-content\/uploads\/2022\/01\/Kardeliai-80-x-95-aliejus-drobe-2002-869x1024.jpg 869w, https:\/\/jolantadovydaityte.com\/wp-content\/uploads\/2022\/01\/Kardeliai-80-x-95-aliejus-drobe-2002-768x905.jpg 768w, https:\/\/jolantadovydaityte.com\/wp-content\/uploads\/2022\/01\/Kardeliai-80-x-95-aliejus-drobe-2002-1304x1536.jpg 1304w, https:\/\/jolantadovydaityte.com\/wp-content\/uploads\/2022\/01\/Kardeliai-80-x-95-aliejus-drobe-2002-1738x2048.jpg 1738w\" sizes=\"(max-width: 2173px) 100vw, 2173px\" \/><\/figure><div class=\"elementor-image-box-content\"><h3 class=\"elementor-image-box-title\">Kardeliai<\/h3><\/div><\/div>\t\t\t\t<\/div>\n\t\t\t\t<\/div>\n\t\t\t\t\t<\/div>\n\t\t<\/div>\n\t\t\t\t<div class=\"elementor-column elementor-col-33 elementor-inner-column elementor-element elementor-element-68d9b23\" data-id=\"68d9b23\" data-element_type=\"column\" data-e-type=\"column\">\n\t\t\t<div class=\"elementor-widget-wrap elementor-element-populated\">\n\t\t\t\t\t\t<div class=\"elementor-element elementor-element-fcdbd34 elementor-position-top elementor-widget elementor-widget-image-box\" data-id=\"fcdbd34\" data-element_type=\"widget\" data-e-type=\"widget\" data-widget_type=\"image-box.default\">\n\t\t\t\t<div class=\"elementor-widget-container\">\n\t\t\t\t\t<div class=\"elementor-image-box-wrapper\"><figure class=\"elementor-image-box-img\"><img decoding=\"async\" width=\"1572\" height=\"1854\" src=\"https:\/\/jolantadovydaityte.com\/wp-content\/uploads\/2022\/01\/Mergina-su-balandziu-50-x-60-aliejus-drobe-2009.jpg\" class=\"attachment-full size-full wp-image-1775\" alt=\"\" srcset=\"https:\/\/jolantadovydaityte.com\/wp-content\/uploads\/2022\/01\/Mergina-su-balandziu-50-x-60-aliejus-drobe-2009.jpg 1572w, https:\/\/jolantadovydaityte.com\/wp-content\/uploads\/2022\/01\/Mergina-su-balandziu-50-x-60-aliejus-drobe-2009-254x300.jpg 254w, https:\/\/jolantadovydaityte.com\/wp-content\/uploads\/2022\/01\/Mergina-su-balandziu-50-x-60-aliejus-drobe-2009-868x1024.jpg 868w, https:\/\/jolantadovydaityte.com\/wp-content\/uploads\/2022\/01\/Mergina-su-balandziu-50-x-60-aliejus-drobe-2009-768x906.jpg 768w, https:\/\/jolantadovydaityte.com\/wp-content\/uploads\/2022\/01\/Mergina-su-balandziu-50-x-60-aliejus-drobe-2009-1302x1536.jpg 1302w\" sizes=\"(max-width: 1572px) 100vw, 1572px\" \/><\/figure><div class=\"elementor-image-box-content\"><h3 class=\"elementor-image-box-title\">Mergina su baland\u017eiu<\/h3><\/div><\/div>\t\t\t\t<\/div>\n\t\t\t\t<\/div>\n\t\t\t\t\t<\/div>\n\t\t<\/div>\n\t\t\t\t<div class=\"elementor-column elementor-col-33 elementor-inner-column elementor-element elementor-element-adb8159\" data-id=\"adb8159\" data-element_type=\"column\" data-e-type=\"column\">\n\t\t\t<div class=\"elementor-widget-wrap elementor-element-populated\">\n\t\t\t\t\t\t<div class=\"elementor-element elementor-element-355e8d4 elementor-position-top elementor-widget elementor-widget-image-box\" data-id=\"355e8d4\" data-element_type=\"widget\" data-e-type=\"widget\" data-widget_type=\"image-box.default\">\n\t\t\t\t<div class=\"elementor-widget-container\">\n\t\t\t\t\t<div class=\"elementor-image-box-wrapper\"><figure class=\"elementor-image-box-img\"><img loading=\"lazy\" decoding=\"async\" width=\"2275\" height=\"2560\" src=\"https:\/\/jolantadovydaityte.com\/wp-content\/uploads\/2022\/01\/Mistika-70-x-80-aliejus-drobe-2003-scaled.jpg\" class=\"attachment-full size-full wp-image-1778\" alt=\"\" srcset=\"https:\/\/jolantadovydaityte.com\/wp-content\/uploads\/2022\/01\/Mistika-70-x-80-aliejus-drobe-2003-scaled.jpg 2275w, https:\/\/jolantadovydaityte.com\/wp-content\/uploads\/2022\/01\/Mistika-70-x-80-aliejus-drobe-2003-267x300.jpg 267w, https:\/\/jolantadovydaityte.com\/wp-content\/uploads\/2022\/01\/Mistika-70-x-80-aliejus-drobe-2003-910x1024.jpg 910w, https:\/\/jolantadovydaityte.com\/wp-content\/uploads\/2022\/01\/Mistika-70-x-80-aliejus-drobe-2003-768x864.jpg 768w, https:\/\/jolantadovydaityte.com\/wp-content\/uploads\/2022\/01\/Mistika-70-x-80-aliejus-drobe-2003-1365x1536.jpg 1365w, https:\/\/jolantadovydaityte.com\/wp-content\/uploads\/2022\/01\/Mistika-70-x-80-aliejus-drobe-2003-1820x2048.jpg 1820w\" sizes=\"(max-width: 2275px) 100vw, 2275px\" \/><\/figure><div class=\"elementor-image-box-content\"><h3 class=\"elementor-image-box-title\">Mistika<\/h3><\/div><\/div>\t\t\t\t<\/div>\n\t\t\t\t<\/div>\n\t\t\t\t\t<\/div>\n\t\t<\/div>\n\t\t\t\t\t<\/div>\n\t\t<\/section>\n\t\t\t\t<section class=\"elementor-section elementor-inner-section elementor-element elementor-element-6ef4f28 elementor-section-content-middle elementor-section-boxed elementor-section-height-default elementor-section-height-default\" data-id=\"6ef4f28\" data-element_type=\"section\" data-e-type=\"section\">\n\t\t\t\t\t\t<div class=\"elementor-container elementor-column-gap-no\">\n\t\t\t\t\t<div class=\"elementor-column elementor-col-33 elementor-inner-column elementor-element elementor-element-badd4b9\" data-id=\"badd4b9\" data-element_type=\"column\" data-e-type=\"column\">\n\t\t\t<div class=\"elementor-widget-wrap elementor-element-populated\">\n\t\t\t\t\t\t<div class=\"elementor-element elementor-element-12a2998 elementor-position-top elementor-widget elementor-widget-image-box\" data-id=\"12a2998\" data-element_type=\"widget\" data-e-type=\"widget\" data-widget_type=\"image-box.default\">\n\t\t\t\t<div class=\"elementor-widget-container\">\n\t\t\t\t\t<div class=\"elementor-image-box-wrapper\"><figure class=\"elementor-image-box-img\"><img loading=\"lazy\" decoding=\"async\" width=\"2341\" height=\"2305\" src=\"https:\/\/jolantadovydaityte.com\/wp-content\/uploads\/2022\/01\/Moteris-su-ugnimi-70-x-70-aliejus-drobe-2008.jpg\" class=\"attachment-full size-full wp-image-1779\" alt=\"\" srcset=\"https:\/\/jolantadovydaityte.com\/wp-content\/uploads\/2022\/01\/Moteris-su-ugnimi-70-x-70-aliejus-drobe-2008.jpg 2341w, https:\/\/jolantadovydaityte.com\/wp-content\/uploads\/2022\/01\/Moteris-su-ugnimi-70-x-70-aliejus-drobe-2008-300x295.jpg 300w, https:\/\/jolantadovydaityte.com\/wp-content\/uploads\/2022\/01\/Moteris-su-ugnimi-70-x-70-aliejus-drobe-2008-1024x1008.jpg 1024w, https:\/\/jolantadovydaityte.com\/wp-content\/uploads\/2022\/01\/Moteris-su-ugnimi-70-x-70-aliejus-drobe-2008-768x756.jpg 768w, https:\/\/jolantadovydaityte.com\/wp-content\/uploads\/2022\/01\/Moteris-su-ugnimi-70-x-70-aliejus-drobe-2008-1536x1512.jpg 1536w, https:\/\/jolantadovydaityte.com\/wp-content\/uploads\/2022\/01\/Moteris-su-ugnimi-70-x-70-aliejus-drobe-2008-2048x2017.jpg 2048w\" sizes=\"(max-width: 2341px) 100vw, 2341px\" \/><\/figure><div class=\"elementor-image-box-content\"><h3 class=\"elementor-image-box-title\">Moteris su ugnimi<\/h3><\/div><\/div>\t\t\t\t<\/div>\n\t\t\t\t<\/div>\n\t\t\t\t\t<\/div>\n\t\t<\/div>\n\t\t\t\t<div class=\"elementor-column elementor-col-33 elementor-inner-column elementor-element elementor-element-bf24c22\" data-id=\"bf24c22\" data-element_type=\"column\" data-e-type=\"column\">\n\t\t\t<div class=\"elementor-widget-wrap elementor-element-populated\">\n\t\t\t\t\t\t<div class=\"elementor-element elementor-element-93d6087 elementor-position-top elementor-widget elementor-widget-image-box\" data-id=\"93d6087\" data-element_type=\"widget\" data-e-type=\"widget\" data-widget_type=\"image-box.default\">\n\t\t\t\t<div class=\"elementor-widget-container\">\n\t\t\t\t\t<div class=\"elementor-image-box-wrapper\"><figure class=\"elementor-image-box-img\"><img loading=\"lazy\" decoding=\"async\" width=\"2560\" height=\"2541\" src=\"https:\/\/jolantadovydaityte.com\/wp-content\/uploads\/2022\/01\/Fragmentai-120-x-120-aliejus-drobe-2018-scaled.jpg\" class=\"attachment-full size-full wp-image-1764\" alt=\"\" srcset=\"https:\/\/jolantadovydaityte.com\/wp-content\/uploads\/2022\/01\/Fragmentai-120-x-120-aliejus-drobe-2018-scaled.jpg 2560w, https:\/\/jolantadovydaityte.com\/wp-content\/uploads\/2022\/01\/Fragmentai-120-x-120-aliejus-drobe-2018-300x298.jpg 300w, https:\/\/jolantadovydaityte.com\/wp-content\/uploads\/2022\/01\/Fragmentai-120-x-120-aliejus-drobe-2018-1024x1016.jpg 1024w, https:\/\/jolantadovydaityte.com\/wp-content\/uploads\/2022\/01\/Fragmentai-120-x-120-aliejus-drobe-2018-150x150.jpg 150w, https:\/\/jolantadovydaityte.com\/wp-content\/uploads\/2022\/01\/Fragmentai-120-x-120-aliejus-drobe-2018-768x762.jpg 768w, https:\/\/jolantadovydaityte.com\/wp-content\/uploads\/2022\/01\/Fragmentai-120-x-120-aliejus-drobe-2018-1536x1525.jpg 1536w, https:\/\/jolantadovydaityte.com\/wp-content\/uploads\/2022\/01\/Fragmentai-120-x-120-aliejus-drobe-2018-2048x2033.jpg 2048w\" sizes=\"(max-width: 2560px) 100vw, 2560px\" \/><\/figure><div class=\"elementor-image-box-content\"><h3 class=\"elementor-image-box-title\">Fragmentai<\/h3><\/div><\/div>\t\t\t\t<\/div>\n\t\t\t\t<\/div>\n\t\t\t\t\t<\/div>\n\t\t<\/div>\n\t\t\t\t<div class=\"elementor-column elementor-col-33 elementor-inner-column elementor-element elementor-element-c2351fd\" data-id=\"c2351fd\" data-element_type=\"column\" data-e-type=\"column\">\n\t\t\t<div class=\"elementor-widget-wrap elementor-element-populated\">\n\t\t\t\t\t\t<div class=\"elementor-element elementor-element-6b6c827 elementor-position-top elementor-widget elementor-widget-image-box\" data-id=\"6b6c827\" data-element_type=\"widget\" data-e-type=\"widget\" data-widget_type=\"image-box.default\">\n\t\t\t\t<div class=\"elementor-widget-container\">\n\t\t\t\t\t<div class=\"elementor-image-box-wrapper\"><figure class=\"elementor-image-box-img\"><img loading=\"lazy\" decoding=\"async\" width=\"1782\" height=\"1759\" src=\"https:\/\/jolantadovydaityte.com\/wp-content\/uploads\/2022\/01\/Akacijos-70-x-70-aliejus-drobe-2010.jpg\" class=\"attachment-full size-full wp-image-1757\" alt=\"\" srcset=\"https:\/\/jolantadovydaityte.com\/wp-content\/uploads\/2022\/01\/Akacijos-70-x-70-aliejus-drobe-2010.jpg 1782w, https:\/\/jolantadovydaityte.com\/wp-content\/uploads\/2022\/01\/Akacijos-70-x-70-aliejus-drobe-2010-300x296.jpg 300w, https:\/\/jolantadovydaityte.com\/wp-content\/uploads\/2022\/01\/Akacijos-70-x-70-aliejus-drobe-2010-1024x1011.jpg 1024w, https:\/\/jolantadovydaityte.com\/wp-content\/uploads\/2022\/01\/Akacijos-70-x-70-aliejus-drobe-2010-768x758.jpg 768w, https:\/\/jolantadovydaityte.com\/wp-content\/uploads\/2022\/01\/Akacijos-70-x-70-aliejus-drobe-2010-1536x1516.jpg 1536w\" sizes=\"(max-width: 1782px) 100vw, 1782px\" \/><\/figure><div class=\"elementor-image-box-content\"><h3 class=\"elementor-image-box-title\">Akacijos<\/h3><\/div><\/div>\t\t\t\t<\/div>\n\t\t\t\t<\/div>\n\t\t\t\t\t<\/div>\n\t\t<\/div>\n\t\t\t\t\t<\/div>\n\t\t<\/section>\n\t\t\t\t<div class=\"elementor-element elementor-element-7f6f5ff elementor-align-center elementor-mobile-align-left elementor-widget elementor-widget-button\" data-id=\"7f6f5ff\" data-element_type=\"widget\" data-e-type=\"widget\" data-widget_type=\"button.default\">\n\t\t\t\t<div class=\"elementor-widget-container\">\n\t\t\t\t\t\t\t\t\t<div class=\"elementor-button-wrapper\">\n\t\t\t\t\t<a class=\"elementor-button elementor-button-link elementor-size-sm\" href=\"#\">\n\t\t\t\t\t\t<span class=\"elementor-button-content-wrapper\">\n\t\t\t\t\t\t\t\t\t<span class=\"elementor-button-text\">Daugiau<\/span>\n\t\t\t\t\t<\/span>\n\t\t\t\t\t<\/a>\n\t\t\t\t<\/div>\n\t\t\t\t\t\t\t\t<\/div>\n\t\t\t\t<\/div>\n\t\t\t\t\t<\/div>\n\t\t<\/div>\n\t\t\t\t\t<\/div>\n\t\t<\/section>\n\t\t\t\t<\/div>\n\t\t","protected":false},"excerpt":{"rendered":"<p>Previous Next Jolanta Dovydaityt\u0117 Dailinink\u0117, monumentalist\u0117, parodose dalyvaujanti nuo 1977 m. Pasi\u017eymi kaip natiurmort\u0173 dailinink\u0117, ta\u010diau tapyboje galime \u012f\u017evelgti ir abstrakcionistini\u0173 element\u0173, fig\u016brini\u0173 kompozicij\u0173 bei architekt\u016brini\u0173 element\u0173. Daugiau Kardeliai Mergina su baland\u017eiu Mistika Moteris su ugnimi Fragmentai Akacijos Daugiau<\/p>\n","protected":false},"author":1,"featured_media":0,"parent":0,"menu_order":0,"comment_status":"closed","ping_status":"open","template":"","meta":{"_monsterinsights_skip_tracking":false,"_monsterinsights_sitenote_active":false,"_monsterinsights_sitenote_note":"","_monsterinsights_sitenote_category":0,"site-sidebar-layout":"","site-content-layout":"","ast-main-header-display":"","ast-hfb-above-header-display":"","ast-hfb-below-header-display":"","ast-hfb-mobile-header-display":"","site-post-title":"","ast-breadcrumbs-content":"","ast-featured-img":"","footer-sml-layout":"","theme-transparent-header-meta":"","adv-header-id-meta":"","stick-header-meta":"","header-above-stick-meta":"","header-main-stick-meta":"","header-below-stick-meta":"","footnotes":""},"class_list":["post-2","page","type-page","status-publish","hentry"],"_links":{"self":[{"href":"https:\/\/jolantadovydaityte.com\/index.php?rest_route=\/wp\/v2\/pages\/2","targetHints":{"allow":["GET"]}}],"collection":[{"href":"https:\/\/jolantadovydaityte.com\/index.php?rest_route=\/wp\/v2\/pages"}],"about":[{"href":"https:\/\/jolantadovydaityte.com\/index.php?rest_route=\/wp\/v2\/types\/page"}],"author":[{"embeddable":true,"href":"https:\/\/jolantadovydaityte.com\/index.php?rest_route=\/wp\/v2\/users\/1"}],"replies":[{"embeddable":true,"href":"https:\/\/jolantadovydaityte.com\/index.php?rest_route=%2Fwp%2Fv2%2Fcomments&post=2"}],"version-history":[{"count":38,"href":"https:\/\/jolantadovydaityte.com\/index.php?rest_route=\/wp\/v2\/pages\/2\/revisions"}],"predecessor-version":[{"id":1879,"href":"https:\/\/jolantadovydaityte.com\/index.php?rest_route=\/wp\/v2\/pages\/2\/revisions\/1879"}],"wp:attachment":[{"href":"https:\/\/jolantadovydaityte.com\/index.php?rest_route=%2Fwp%2Fv2%2Fmedia&parent=2"}],"curies":[{"name":"wp","href":"https:\/\/api.w.org\/{rel}","templated":true}]}}